{"id":255,"date":"2022-07-05T14:40:13","date_gmt":"2022-07-05T12:40:13","guid":{"rendered":"https:\/\/www.cowocb.cz\/?page_id=255"},"modified":"2022-08-16T10:07:54","modified_gmt":"2022-08-16T08:07:54","slug":"contact","status":"publish","type":"page","link":"https:\/\/www.cowocb.cz\/en\/contact\/","title":{"rendered":"Contact"},"content":{"rendered":"","protected":false},"excerpt":{"rendered":"","protected":false},"author":1,"featured_media":174,"parent":0,"menu_order":0,"comment_status":"closed","ping_status":"closed","template":"pages\/page-blocks.php","meta":{"footnotes":""},"class_list":["post-255","page","type-page","status-publish","has-post-thumbnail","hentry"],"yoast_head":"<!-- This site is optimized with the Yoast SEO plugin v25.6 - https:\/\/yoast.com\/wordpress\/plugins\/seo\/ -->\n<title>Contact | Cowo CB<\/title>\n<meta name=\"robots\" content=\"index, follow, max-snippet:-1, max-image-preview:large, max-video-preview:-1\" \/>\n<link rel=\"canonical\" href=\"https:\/\/www.cowocb.cz\/en\/contact\/\" \/>\n<meta property=\"og:locale\" content=\"en_US\" \/>\n<meta property=\"og:type\" content=\"article\" \/>\n<meta property=\"og:title\" content=\"Contact | Cowo CB\" \/>\n<meta property=\"og:url\" content=\"https:\/\/www.cowocb.cz\/en\/contact\/\" \/>\n<meta property=\"og:site_name\" content=\"Cowo CB\" \/>\n<meta property=\"article:modified_time\" content=\"2022-08-16T08:07:54+00:00\" \/>\n<meta property=\"og:image\" content=\"https:\/\/www.cowocb.cz\/wp-content\/uploads\/2022\/07\/DSC0255-HDR.jpg\" \/>\n\t<meta property=\"og:image:width\" content=\"1920\" \/>\n\t<meta property=\"og:image:height\" content=\"1277\" \/>\n\t<meta property=\"og:image:type\" content=\"image\/jpeg\" \/>\n<meta name=\"twitter:card\" content=\"summary_large_image\" \/>\n<!-- \/ Yoast SEO plugin. -->","yoast_head_json":{"title":"Contact | Cowo CB","robots":{"index":"index","follow":"follow","max-snippet":"max-snippet:-1","max-image-preview":"max-image-preview:large","max-video-preview":"max-video-preview:-1"},"canonical":"https:\/\/www.cowocb.cz\/en\/contact\/","og_locale":"en_US","og_type":"article","og_title":"Contact | Cowo CB","og_url":"https:\/\/www.cowocb.cz\/en\/contact\/","og_site_name":"Cowo CB","article_modified_time":"2022-08-16T08:07:54+00:00","og_image":[{"width":1920,"height":1277,"url":"https:\/\/www.cowocb.cz\/wp-content\/uploads\/2022\/07\/DSC0255-HDR.jpg","type":"image\/jpeg"}],"twitter_card":"summary_large_image","schema":{"@context":"https:\/\/schema.org","@graph":[{"@type":"WebPage","@id":"https:\/\/www.cowocb.cz\/en\/contact\/","url":"https:\/\/www.cowocb.cz\/en\/contact\/","name":"Contact | Cowo CB","isPartOf":{"@id":"https:\/\/www.cowocb.cz\/en\/#website"},"primaryImageOfPage":{"@id":"https:\/\/www.cowocb.cz\/en\/contact\/#primaryimage"},"image":{"@id":"https:\/\/www.cowocb.cz\/en\/contact\/#primaryimage"},"thumbnailUrl":"https:\/\/www.cowocb.cz\/wp-content\/uploads\/2022\/07\/DSC0255-HDR.jpg","datePublished":"2022-07-05T12:40:13+00:00","dateModified":"2022-08-16T08:07:54+00:00","breadcrumb":{"@id":"https:\/\/www.cowocb.cz\/en\/contact\/#breadcrumb"},"inLanguage":"en-US","potentialAction":[{"@type":"ReadAction","target":["https:\/\/www.cowocb.cz\/en\/contact\/"]}]},{"@type":"ImageObject","inLanguage":"en-US","@id":"https:\/\/www.cowocb.cz\/en\/contact\/#primaryimage","url":"https:\/\/www.cowocb.cz\/wp-content\/uploads\/2022\/07\/DSC0255-HDR.jpg","contentUrl":"https:\/\/www.cowocb.cz\/wp-content\/uploads\/2022\/07\/DSC0255-HDR.jpg","width":1920,"height":1277},{"@type":"BreadcrumbList","@id":"https:\/\/www.cowocb.cz\/en\/contact\/#breadcrumb","itemListElement":[{"@type":"ListItem","position":1,"name":"Home","item":"https:\/\/www.cowocb.cz\/en\/"},{"@type":"ListItem","position":2,"name":"Contact"}]},{"@type":"WebSite","@id":"https:\/\/www.cowocb.cz\/en\/#website","url":"https:\/\/www.cowocb.cz\/en\/","name":"Cowo CB","description":"Prvn\u00ed \u010deskobud\u011bjovick\u00e1 sd\u00edlen\u00e1 kancel\u00e1\u0159","publisher":{"@id":"https:\/\/www.cowocb.cz\/en\/#organization"},"potentialAction":[{"@type":"SearchAction","target":{"@type":"EntryPoint","urlTemplate":"https:\/\/www.cowocb.cz\/en\/?s={search_term_string}"},"query-input":{"@type":"PropertyValueSpecification","valueRequired":true,"valueName":"search_term_string"}}],"inLanguage":"en-US"},{"@type":"Organization","@id":"https:\/\/www.cowocb.cz\/en\/#organization","name":"Cowo CB","url":"https:\/\/www.cowocb.cz\/en\/","logo":{"@type":"ImageObject","inLanguage":"en-US","@id":"https:\/\/www.cowocb.cz\/en\/#\/schema\/logo\/image\/","url":"https:\/\/www.cowocb.cz\/wp-content\/uploads\/2022\/07\/Na\u0301vrh-bez-na\u0301zvu-1.png","contentUrl":"https:\/\/www.cowocb.cz\/wp-content\/uploads\/2022\/07\/Na\u0301vrh-bez-na\u0301zvu-1.png","width":500,"height":500,"caption":"Cowo CB"},"image":{"@id":"https:\/\/www.cowocb.cz\/en\/#\/schema\/logo\/image\/"}}]}},"_links":{"self":[{"href":"https:\/\/www.cowocb.cz\/en\/wp-json\/wp\/v2\/pages\/255","targetHints":{"allow":["GET"]}}],"collection":[{"href":"https:\/\/www.cowocb.cz\/en\/wp-json\/wp\/v2\/pages"}],"about":[{"href":"https:\/\/www.cowocb.cz\/en\/wp-json\/wp\/v2\/types\/page"}],"author":[{"embeddable":true,"href":"https:\/\/www.cowocb.cz\/en\/wp-json\/wp\/v2\/users\/1"}],"replies":[{"embeddable":true,"href":"https:\/\/www.cowocb.cz\/en\/wp-json\/wp\/v2\/comments?post=255"}],"version-history":[{"count":1,"href":"https:\/\/www.cowocb.cz\/en\/wp-json\/wp\/v2\/pages\/255\/revisions"}],"predecessor-version":[{"id":256,"href":"https:\/\/www.cowocb.cz\/en\/wp-json\/wp\/v2\/pages\/255\/revisions\/256"}],"wp:featuredmedia":[{"embeddable":true,"href":"https:\/\/www.cowocb.cz\/en\/wp-json\/wp\/v2\/media\/174"}],"wp:attachment":[{"href":"https:\/\/www.cowocb.cz\/en\/wp-json\/wp\/v2\/media?parent=255"}],"curies":[{"name":"wp","href":"https:\/\/api.w.org\/{rel}","templated":true}]}}