{"id":237,"date":"2022-07-01T11:41:30","date_gmt":"2022-07-01T09:41:30","guid":{"rendered":"https:\/\/www.cowocb.cz\/?page_id=237"},"modified":"2022-08-25T11:12:28","modified_gmt":"2022-08-25T09:12:28","slug":"homepage-2","status":"publish","type":"page","link":"https:\/\/www.cowocb.cz\/en\/","title":{"rendered":"Homepage"},"content":{"rendered":"","protected":false},"excerpt":{"rendered":"","protected":false},"author":1,"featured_media":173,"parent":0,"menu_order":0,"comment_status":"closed","ping_status":"closed","template":"pages\/page-blocks.php","meta":{"footnotes":""},"class_list":["post-237","page","type-page","status-publish","has-post-thumbnail","hentry"],"yoast_head":"<!-- This site is optimized with the Yoast SEO plugin v25.6 - https:\/\/yoast.com\/wordpress\/plugins\/seo\/ -->\n<title>Homepage | Cowo CB<\/title>\n<meta name=\"description\" content=\"The first coworking venue in Ceske Budejovice is a cozy shared office in the centre of the city. You can enjoy our shared space or rent a fix table.\" \/>\n<meta name=\"robots\" content=\"index, follow, max-snippet:-1, max-image-preview:large, max-video-preview:-1\" \/>\n<link rel=\"canonical\" href=\"https:\/\/www.cowocb.cz\/en\/\" \/>\n<meta property=\"og:locale\" content=\"en_US\" \/>\n<meta property=\"og:type\" content=\"article\" \/>\n<meta property=\"og:title\" content=\"First coworking venue in Ceske Budejovice\" \/>\n<meta property=\"og:description\" content=\"The first coworking venue in Ceske Budejovice is a cozy shared office in the centre of the city. You can enjoy our shared space or rent a fix table.\" \/>\n<meta property=\"og:url\" content=\"https:\/\/www.cowocb.cz\/en\/\" \/>\n<meta property=\"og:site_name\" content=\"Cowo CB\" \/>\n<meta property=\"article:modified_time\" content=\"2022-08-25T09:12:28+00:00\" \/>\n<meta property=\"og:image\" content=\"https:\/\/www.cowocb.cz\/wp-content\/uploads\/2022\/07\/Cowo_OG.jpg\" \/>\n\t<meta property=\"og:image:width\" content=\"1200\" \/>\n\t<meta property=\"og:image:height\" content=\"630\" \/>\n\t<meta property=\"og:image:type\" content=\"image\/jpeg\" \/>\n<meta name=\"twitter:card\" content=\"summary_large_image\" \/>\n<!-- \/ Yoast SEO plugin. -->","yoast_head_json":{"title":"Homepage | Cowo CB","description":"The first coworking venue in Ceske Budejovice is a cozy shared office in the centre of the city. You can enjoy our shared space or rent a fix table.","robots":{"index":"index","follow":"follow","max-snippet":"max-snippet:-1","max-image-preview":"max-image-preview:large","max-video-preview":"max-video-preview:-1"},"canonical":"https:\/\/www.cowocb.cz\/en\/","og_locale":"en_US","og_type":"article","og_title":"First coworking venue in Ceske Budejovice","og_description":"The first coworking venue in Ceske Budejovice is a cozy shared office in the centre of the city. You can enjoy our shared space or rent a fix table.","og_url":"https:\/\/www.cowocb.cz\/en\/","og_site_name":"Cowo CB","article_modified_time":"2022-08-25T09:12:28+00:00","og_image":[{"width":1200,"height":630,"url":"https:\/\/www.cowocb.cz\/wp-content\/uploads\/2022\/07\/Cowo_OG.jpg","type":"image\/jpeg"}],"twitter_card":"summary_large_image","schema":{"@context":"https:\/\/schema.org","@graph":[{"@type":"WebPage","@id":"https:\/\/www.cowocb.cz\/en\/","url":"https:\/\/www.cowocb.cz\/en\/","name":"Homepage | Cowo CB","isPartOf":{"@id":"https:\/\/www.cowocb.cz\/en\/#website"},"primaryImageOfPage":{"@id":"https:\/\/www.cowocb.cz\/en\/#primaryimage"},"image":{"@id":"https:\/\/www.cowocb.cz\/en\/#primaryimage"},"thumbnailUrl":"https:\/\/www.cowocb.cz\/wp-content\/uploads\/2022\/07\/DSC0235-HDR.jpg","datePublished":"2022-07-01T09:41:30+00:00","dateModified":"2022-08-25T09:12:28+00:00","description":"The first coworking venue in Ceske Budejovice is a cozy shared office in the centre of the city. You can enjoy our shared space or rent a fix table.","breadcrumb":{"@id":"https:\/\/www.cowocb.cz\/en\/#breadcrumb"},"inLanguage":"en-US","potentialAction":[{"@type":"ReadAction","target":["https:\/\/www.cowocb.cz\/en\/"]}]},{"@type":"ImageObject","inLanguage":"en-US","@id":"https:\/\/www.cowocb.cz\/en\/#primaryimage","url":"https:\/\/www.cowocb.cz\/wp-content\/uploads\/2022\/07\/DSC0235-HDR.jpg","contentUrl":"https:\/\/www.cowocb.cz\/wp-content\/uploads\/2022\/07\/DSC0235-HDR.jpg","width":1920,"height":1277},{"@type":"BreadcrumbList","@id":"https:\/\/www.cowocb.cz\/en\/#breadcrumb","itemListElement":[{"@type":"ListItem","position":1,"name":"Home","item":"https:\/\/www.cowocb.cz\/en\/"},{"@type":"ListItem","position":2,"name":"Homepage"}]},{"@type":"WebSite","@id":"https:\/\/www.cowocb.cz\/en\/#website","url":"https:\/\/www.cowocb.cz\/en\/","name":"Cowo CB","description":"Prvn\u00ed \u010deskobud\u011bjovick\u00e1 sd\u00edlen\u00e1 kancel\u00e1\u0159","publisher":{"@id":"https:\/\/www.cowocb.cz\/en\/#organization"},"potentialAction":[{"@type":"SearchAction","target":{"@type":"EntryPoint","urlTemplate":"https:\/\/www.cowocb.cz\/en\/?s={search_term_string}"},"query-input":{"@type":"PropertyValueSpecification","valueRequired":true,"valueName":"search_term_string"}}],"inLanguage":"en-US"},{"@type":"Organization","@id":"https:\/\/www.cowocb.cz\/en\/#organization","name":"Cowo CB","url":"https:\/\/www.cowocb.cz\/en\/","logo":{"@type":"ImageObject","inLanguage":"en-US","@id":"https:\/\/www.cowocb.cz\/en\/#\/schema\/logo\/image\/","url":"https:\/\/www.cowocb.cz\/wp-content\/uploads\/2022\/07\/Na\u0301vrh-bez-na\u0301zvu-1.png","contentUrl":"https:\/\/www.cowocb.cz\/wp-content\/uploads\/2022\/07\/Na\u0301vrh-bez-na\u0301zvu-1.png","width":500,"height":500,"caption":"Cowo CB"},"image":{"@id":"https:\/\/www.cowocb.cz\/en\/#\/schema\/logo\/image\/"}}]}},"_links":{"self":[{"href":"https:\/\/www.cowocb.cz\/en\/wp-json\/wp\/v2\/pages\/237","targetHints":{"allow":["GET"]}}],"collection":[{"href":"https:\/\/www.cowocb.cz\/en\/wp-json\/wp\/v2\/pages"}],"about":[{"href":"https:\/\/www.cowocb.cz\/en\/wp-json\/wp\/v2\/types\/page"}],"author":[{"embeddable":true,"href":"https:\/\/www.cowocb.cz\/en\/wp-json\/wp\/v2\/users\/1"}],"replies":[{"embeddable":true,"href":"https:\/\/www.cowocb.cz\/en\/wp-json\/wp\/v2\/comments?post=237"}],"version-history":[{"count":3,"href":"https:\/\/www.cowocb.cz\/en\/wp-json\/wp\/v2\/pages\/237\/revisions"}],"predecessor-version":[{"id":263,"href":"https:\/\/www.cowocb.cz\/en\/wp-json\/wp\/v2\/pages\/237\/revisions\/263"}],"wp:featuredmedia":[{"embeddable":true,"href":"https:\/\/www.cowocb.cz\/en\/wp-json\/wp\/v2\/media\/173"}],"wp:attachment":[{"href":"https:\/\/www.cowocb.cz\/en\/wp-json\/wp\/v2\/media?parent=237"}],"curies":[{"name":"wp","href":"https:\/\/api.w.org\/{rel}","templated":true}]}}